{"id":38,"date":"2025-09-26T22:24:13","date_gmt":"2025-09-26T22:24:13","guid":{"rendered":"https:\/\/sertao.ppgmcs.com.br\/?page_id=38"},"modified":"2025-10-21T13:40:32","modified_gmt":"2025-10-21T13:40:32","slug":"quem-somos","status":"publish","type":"page","link":"https:\/\/sertao.ppgmcs.com.br\/index.php\/quem-somos\/","title":{"rendered":"Quem Somos"},"content":{"rendered":"\t\t<div data-elementor-type=\"wp-page\" data-elementor-id=\"38\" class=\"elementor elementor-38\" data-elementor-post-type=\"page\">\n\t\t\t\t<div class=\"elementor-element elementor-element-eb2fb48 e-flex e-con-boxed e-con e-parent\" data-id=\"eb2fb48\" data-element_type=\"container\" data-settings=\"{&quot;background_background&quot;:&quot;classic&quot;}\">\n\t\t\t\t\t<div class=\"e-con-inner\">\n\t\t\t\t<div class=\"elementor-element elementor-element-3b8e3fa elementor-position-left elementor-position-left elementor-vertical-align-middle elementor-widget elementor-widget-image-box\" data-id=\"3b8e3fa\" data-element_type=\"widget\" data-widget_type=\"image-box.default\">\n\t\t\t\t\t<div class=\"elementor-image-box-wrapper\"><figure class=\"elementor-image-box-img\"><img decoding=\"async\" width=\"48\" height=\"48\" src=\"https:\/\/sertao.ppgmcs.com.br\/wp-content\/uploads\/2025\/10\/Overlay-4.png\" class=\"attachment-full size-full wp-image-943\" alt=\"\" \/><\/figure><div class=\"elementor-image-box-content\"><h3 class=\"elementor-image-box-title\">Quem somos<\/h3><\/div><\/div>\t\t\t\t<\/div>\n\t\t\t\t<div class=\"elementor-element elementor-element-9616568 elementor-widget elementor-widget-text-editor\" data-id=\"9616568\" data-element_type=\"widget\" data-widget_type=\"text-editor.default\">\n\t\t\t\t\t\t\t\t\t<p>Conhe\u00e7a nossa hist\u00f3ria, miss\u00e3o e compromisso com o desenvolvimento sustent\u00e1vel do Semi\u00e1rido<\/p>\t\t\t\t\t\t\t\t<\/div>\n\t\t\t\t\t<\/div>\n\t\t\t\t<\/div>\n\t\t<div class=\"elementor-element elementor-element-8a2aed1 e-flex e-con-boxed e-con e-parent\" data-id=\"8a2aed1\" data-element_type=\"container\">\n\t\t\t\t\t<div class=\"e-con-inner\">\n\t\t<div class=\"elementor-element elementor-element-2a065e4 e-con-full e-flex e-con e-child\" data-id=\"2a065e4\" data-element_type=\"container\">\n\t\t\t\t<div class=\"elementor-element elementor-element-dbe3fb0 elementor-widget elementor-widget-button\" data-id=\"dbe3fb0\" data-element_type=\"widget\" data-widget_type=\"button.default\">\n\t\t\t\t\t\t\t\t\t\t<a class=\"elementor-button elementor-button-link elementor-size-sm\" href=\"#\">\n\t\t\t\t\t\t<span class=\"elementor-button-content-wrapper\">\n\t\t\t\t\t\t<span class=\"elementor-button-icon\">\n\t\t\t\t<svg xmlns=\"http:\/\/www.w3.org\/2000\/svg\" width=\"17\" height=\"17\" viewBox=\"0 0 17 17\" fill=\"none\"><path d=\"M8.46647 14.8953C12.1484 14.8953 15.1331 11.9106 15.1331 8.22868C15.1331 4.54678 12.1484 1.56201 8.46647 1.56201C4.78457 1.56201 1.7998 4.54678 1.7998 8.22868C1.7998 11.9106 4.78457 14.8953 8.46647 14.8953Z\" stroke=\"#C95D36\" stroke-width=\"1.33333\" stroke-linecap=\"round\" stroke-linejoin=\"round\"><\/path><path d=\"M8.46643 12.2285C10.6756 12.2285 12.4664 10.4377 12.4664 8.22852C12.4664 6.01938 10.6756 4.22852 8.46643 4.22852C6.25729 4.22852 4.46643 6.01938 4.46643 8.22852C4.46643 10.4377 6.25729 12.2285 8.46643 12.2285Z\" stroke=\"#C95D36\" stroke-width=\"1.33333\" stroke-linecap=\"round\" stroke-linejoin=\"round\"><\/path><path d=\"M8.46639 9.56169C9.20277 9.56169 9.79972 8.96473 9.79972 8.22835C9.79972 7.49197 9.20277 6.89502 8.46639 6.89502C7.73001 6.89502 7.13306 7.49197 7.13306 8.22835C7.13306 8.96473 7.73001 9.56169 8.46639 9.56169Z\" stroke=\"#C95D36\" stroke-width=\"1.33333\" stroke-linecap=\"round\" stroke-linejoin=\"round\"><\/path><\/svg>\t\t\t<\/span>\n\t\t\t\t\t\t\t\t\t<span class=\"elementor-button-text\">Quem somos<\/span>\n\t\t\t\t\t<\/span>\n\t\t\t\t\t<\/a>\n\t\t\t\t\t\t\t\t<\/div>\n\t\t\t\t<div class=\"elementor-element elementor-element-4e3a77e elementor-widget__width-initial elementor-widget elementor-widget-heading\" data-id=\"4e3a77e\" data-element_type=\"widget\" data-widget_type=\"heading.default\">\n\t\t\t\t\t<h3 class=\"elementor-heading-title elementor-size-default\">25 anos transformando o\nSemi\u00e1rido atrav\u00e9s da ci\u00eancia<\/h3>\t\t\t\t<\/div>\n\t\t\t\t<div class=\"elementor-element elementor-element-06e3712 elementor-widget elementor-widget-text-editor\" data-id=\"06e3712\" data-element_type=\"widget\" data-widget_type=\"text-editor.default\">\n\t\t\t\t\t\t\t\t\t<p>O SERT\u00c3O nasceu em 1999 com a miss\u00e3o de promover o desenvolvimento sustent\u00e1vel da regi\u00e3o semi\u00e1rida brasileira. Desde ent\u00e3o, temos sido pioneiros na pesquisa cient\u00edfica aplicada, na transfer\u00eancia de tecnologia e na forma\u00e7\u00e3o de recursos humanos especializados.<\/p><p>Nosso trabalho se baseia na compreens\u00e3o profunda dos desafios \u00fanicos do Semi\u00e1rido, sempre buscando solu\u00e7\u00f5es inovadoras que respeitem as caracter\u00edsticas ambientais, sociais e econ\u00f4micas da regi\u00e3o.<\/p>\t\t\t\t\t\t\t\t<\/div>\n\t\t\t\t<\/div>\n\t\t<div class=\"elementor-element elementor-element-c24d8b7 e-con-full e-flex e-con e-child\" data-id=\"c24d8b7\" data-element_type=\"container\">\n\t\t\t\t<div class=\"elementor-element elementor-element-1971efb elementor-widget elementor-widget-image\" data-id=\"1971efb\" data-element_type=\"widget\" data-widget_type=\"image.default\">\n\t\t\t\t\t\t\t\t\t\t\t\t\t\t\t<img fetchpriority=\"high\" decoding=\"async\" width=\"800\" height=\"535\" src=\"https:\/\/sertao.ppgmcs.com.br\/wp-content\/uploads\/2025\/10\/Hospital-Universitario-Clemente-de-Faria-1024x685-1.jpg\" class=\"attachment-large size-large wp-image-83\" alt=\"\" srcset=\"https:\/\/sertao.ppgmcs.com.br\/wp-content\/uploads\/2025\/10\/Hospital-Universitario-Clemente-de-Faria-1024x685-1.jpg 1024w, https:\/\/sertao.ppgmcs.com.br\/wp-content\/uploads\/2025\/10\/Hospital-Universitario-Clemente-de-Faria-1024x685-1-300x201.jpg 300w, https:\/\/sertao.ppgmcs.com.br\/wp-content\/uploads\/2025\/10\/Hospital-Universitario-Clemente-de-Faria-1024x685-1-768x514.jpg 768w\" sizes=\"(max-width: 800px) 100vw, 800px\" \/>\t\t\t\t\t\t\t\t\t\t\t\t\t\t\t<\/div>\n\t\t<div class=\"elementor-element elementor-element-5480471 e-con-full e-flex e-con e-child\" data-id=\"5480471\" data-element_type=\"container\" data-settings=\"{&quot;background_background&quot;:&quot;classic&quot;}\">\n\t\t\t\t<div class=\"elementor-element elementor-element-1f2b02a elementor-widget-mobile__width-initial elementor-widget elementor-widget-image-box\" data-id=\"1f2b02a\" data-element_type=\"widget\" data-widget_type=\"image-box.default\">\n\t\t\t\t\t<div class=\"elementor-image-box-wrapper\"><div class=\"elementor-image-box-content\"><h3 class=\"elementor-image-box-title\">100+<\/h3><p class=\"elementor-image-box-description\">Projetos realizados<\/p><\/div><\/div>\t\t\t\t<\/div>\n\t\t\t\t<\/div>\n\t\t\t\t<\/div>\n\t\t\t\t\t<\/div>\n\t\t\t\t<\/div>\n\t\t<div class=\"elementor-element elementor-element-f06dbd7 e-flex e-con-boxed e-con e-parent\" data-id=\"f06dbd7\" data-element_type=\"container\" data-settings=\"{&quot;background_background&quot;:&quot;gradient&quot;}\">\n\t\t\t\t\t<div class=\"e-con-inner\">\n\t\t\t\t<div class=\"elementor-element elementor-element-774f9b9 elementor-widget elementor-widget-heading\" data-id=\"774f9b9\" data-element_type=\"widget\" data-widget_type=\"heading.default\">\n\t\t\t\t\t<h2 class=\"elementor-heading-title elementor-size-default\">Nossos pilares<\/h2>\t\t\t\t<\/div>\n\t\t\t\t<div class=\"elementor-element elementor-element-96aa1c2 elementor-widget elementor-widget-text-editor\" data-id=\"96aa1c2\" data-element_type=\"widget\" data-widget_type=\"text-editor.default\">\n\t\t\t\t\t\t\t\t\t<p>Os valores que nos guiam na constru\u00e7\u00e3o de um futuro sustent\u00e1vel para o Semi\u00e1rido<\/p>\t\t\t\t\t\t\t\t<\/div>\n\t\t<div class=\"elementor-element elementor-element-1214e1e e-con-full e-flex e-con e-child\" data-id=\"1214e1e\" data-element_type=\"container\">\n\t\t<div class=\"elementor-element elementor-element-51ac6ba e-con-full e-flex e-con e-child\" data-id=\"51ac6ba\" data-element_type=\"container\" data-settings=\"{&quot;background_background&quot;:&quot;classic&quot;}\">\n\t\t\t\t<div class=\"elementor-element elementor-element-d9e2853 elementor-position-top elementor-widget elementor-widget-image-box\" data-id=\"d9e2853\" data-element_type=\"widget\" data-widget_type=\"image-box.default\">\n\t\t\t\t\t<div class=\"elementor-image-box-wrapper\"><figure class=\"elementor-image-box-img\"><img decoding=\"async\" width=\"65\" height=\"64\" src=\"https:\/\/sertao.ppgmcs.com.br\/wp-content\/uploads\/2025\/10\/Background-4.png\" class=\"attachment-full size-full wp-image-944\" alt=\"\" \/><\/figure><div class=\"elementor-image-box-content\"><h3 class=\"elementor-image-box-title\">Miss\u00e3o<\/h3><p class=\"elementor-image-box-description\">Promover pesquisa, inova\u00e7\u00e3o e\ndesenvolvimento tecnol\u00f3gico para\ntransformar os desafios do Semi\u00e1rido\nem oportunidades de crescimento\nsustent\u00e1vel.<\/p><\/div><\/div>\t\t\t\t<\/div>\n\t\t\t\t<\/div>\n\t\t<div class=\"elementor-element elementor-element-2979e34 e-con-full e-flex e-con e-child\" data-id=\"2979e34\" data-element_type=\"container\" data-settings=\"{&quot;background_background&quot;:&quot;classic&quot;}\">\n\t\t\t\t<div class=\"elementor-element elementor-element-4302096 elementor-position-top elementor-widget elementor-widget-image-box\" data-id=\"4302096\" data-element_type=\"widget\" data-widget_type=\"image-box.default\">\n\t\t\t\t\t<div class=\"elementor-image-box-wrapper\"><figure class=\"elementor-image-box-img\"><img loading=\"lazy\" decoding=\"async\" width=\"65\" height=\"64\" src=\"https:\/\/sertao.ppgmcs.com.br\/wp-content\/uploads\/2025\/10\/Background-5.png\" class=\"attachment-full size-full wp-image-945\" alt=\"\" \/><\/figure><div class=\"elementor-image-box-content\"><h3 class=\"elementor-image-box-title\">Vis\u00e3o<\/h3><p class=\"elementor-image-box-description\">Ser reconhecido como centro de\nrefer\u00eancia internacional em pesquisa e\ninova\u00e7\u00e3o para regi\u00f5es semi\u00e1ridas,\ncontribuindo para o desenvolvimento\nsustent\u00e1vel global.<\/p><\/div><\/div>\t\t\t\t<\/div>\n\t\t\t\t<\/div>\n\t\t<div class=\"elementor-element elementor-element-3bb3c2a e-con-full e-flex e-con e-child\" data-id=\"3bb3c2a\" data-element_type=\"container\" data-settings=\"{&quot;background_background&quot;:&quot;classic&quot;}\">\n\t\t\t\t<div class=\"elementor-element elementor-element-b39ae19 elementor-position-top elementor-widget elementor-widget-image-box\" data-id=\"b39ae19\" data-element_type=\"widget\" data-widget_type=\"image-box.default\">\n\t\t\t\t\t<div class=\"elementor-image-box-wrapper\"><figure class=\"elementor-image-box-img\"><img loading=\"lazy\" decoding=\"async\" width=\"65\" height=\"64\" src=\"https:\/\/sertao.ppgmcs.com.br\/wp-content\/uploads\/2025\/10\/Background-6.png\" class=\"attachment-full size-full wp-image-946\" alt=\"\" \/><\/figure><div class=\"elementor-image-box-content\"><h3 class=\"elementor-image-box-title\">Valores<\/h3><p class=\"elementor-image-box-description\">Excel\u00eancia cient\u00edfica, transpar\u00eancia,\nsustentabilidade, inova\u00e7\u00e3o, colabora\u00e7\u00e3o\ne compromisso com o impacto social\npositivo.<\/p><\/div><\/div>\t\t\t\t<\/div>\n\t\t\t\t<\/div>\n\t\t\t\t<\/div>\n\t\t\t\t\t<\/div>\n\t\t\t\t<\/div>\n\t\t<div class=\"elementor-element elementor-element-675c6f7 e-flex e-con-boxed e-con e-parent\" data-id=\"675c6f7\" data-element_type=\"container\">\n\t\t\t\t\t<div class=\"e-con-inner\">\n\t\t<div class=\"elementor-element elementor-element-d323dc3 e-con-full e-flex e-con e-child\" data-id=\"d323dc3\" data-element_type=\"container\">\n\t\t\t\t<div class=\"elementor-element elementor-element-b79f585 elementor-widget elementor-widget-image\" data-id=\"b79f585\" data-element_type=\"widget\" data-widget_type=\"image.default\">\n\t\t\t\t\t\t\t\t\t\t\t\t\t\t\t<img loading=\"lazy\" decoding=\"async\" width=\"341\" height=\"225\" src=\"https:\/\/sertao.ppgmcs.com.br\/wp-content\/uploads\/2025\/10\/Biotecnologia-aplicada-as-cadeias-produtivas.png\" class=\"attachment-full size-full wp-image-123\" alt=\"\" srcset=\"https:\/\/sertao.ppgmcs.com.br\/wp-content\/uploads\/2025\/10\/Biotecnologia-aplicada-as-cadeias-produtivas.png 341w, https:\/\/sertao.ppgmcs.com.br\/wp-content\/uploads\/2025\/10\/Biotecnologia-aplicada-as-cadeias-produtivas-300x198.png 300w\" sizes=\"(max-width: 341px) 100vw, 341px\" \/>\t\t\t\t\t\t\t\t\t\t\t\t\t\t\t<\/div>\n\t\t\t\t<\/div>\n\t\t<div class=\"elementor-element elementor-element-8ce8267 e-con-full e-flex e-con e-child\" data-id=\"8ce8267\" data-element_type=\"container\">\n\t\t\t\t<div class=\"elementor-element elementor-element-2b55eb8 elementor-widget elementor-widget-button\" data-id=\"2b55eb8\" data-element_type=\"widget\" data-widget_type=\"button.default\">\n\t\t\t\t\t\t\t\t\t\t<a class=\"elementor-button elementor-button-link elementor-size-sm\" href=\"#\">\n\t\t\t\t\t\t<span class=\"elementor-button-content-wrapper\">\n\t\t\t\t\t\t<span class=\"elementor-button-icon\">\n\t\t\t\t<svg aria-hidden=\"true\" class=\"e-font-icon-svg e-far-user\" viewBox=\"0 0 448 512\" xmlns=\"http:\/\/www.w3.org\/2000\/svg\"><path d=\"M313.6 304c-28.7 0-42.5 16-89.6 16-47.1 0-60.8-16-89.6-16C60.2 304 0 364.2 0 438.4V464c0 26.5 21.5 48 48 48h352c26.5 0 48-21.5 48-48v-25.6c0-74.2-60.2-134.4-134.4-134.4zM400 464H48v-25.6c0-47.6 38.8-86.4 86.4-86.4 14.6 0 38.3 16 89.6 16 51.7 0 74.9-16 89.6-16 47.6 0 86.4 38.8 86.4 86.4V464zM224 288c79.5 0 144-64.5 144-144S303.5 0 224 0 80 64.5 80 144s64.5 144 144 144zm0-240c52.9 0 96 43.1 96 96s-43.1 96-96 96-96-43.1-96-96 43.1-96 96-96z\"><\/path><\/svg>\t\t\t<\/span>\n\t\t\t\t\t\t\t\t\t<span class=\"elementor-button-text\">Nossa equipe<\/span>\n\t\t\t\t\t<\/span>\n\t\t\t\t\t<\/a>\n\t\t\t\t\t\t\t\t<\/div>\n\t\t\t\t<div class=\"elementor-element elementor-element-82df024 elementor-widget__width-initial elementor-widget elementor-widget-heading\" data-id=\"82df024\" data-element_type=\"widget\" data-widget_type=\"heading.default\">\n\t\t\t\t\t<h3 class=\"elementor-heading-title elementor-size-default\">Profissionais de excel\u00eancia\ndedicados \u00e0 inova\u00e7\u00e3o<\/h3>\t\t\t\t<\/div>\n\t\t\t\t<div class=\"elementor-element elementor-element-4be6ddc elementor-widget elementor-widget-text-editor\" data-id=\"4be6ddc\" data-element_type=\"widget\" data-widget_type=\"text-editor.default\">\n\t\t\t\t\t\t\t\t\t<p>Contamos com uma equipe multidisciplinar de pesquisadores, especialistas e t\u00e9cnicos altamente qualificados, com forma\u00e7\u00e3o nas melhores universidades do Brasil e do exterior.<\/p>\t\t\t\t\t\t\t\t<\/div>\n\t\t<div class=\"elementor-element elementor-element-e9bb055 e-con-full e-flex e-con e-child\" data-id=\"e9bb055\" data-element_type=\"container\">\n\t\t<div class=\"elementor-element elementor-element-ecb0dc3 e-con-full e-flex e-con e-child\" data-id=\"ecb0dc3\" data-element_type=\"container\" data-settings=\"{&quot;background_background&quot;:&quot;classic&quot;}\">\n\t\t\t\t<div class=\"elementor-element elementor-element-cf4a015 elementor-widget elementor-widget-image-box\" data-id=\"cf4a015\" data-element_type=\"widget\" data-widget_type=\"image-box.default\">\n\t\t\t\t\t<div class=\"elementor-image-box-wrapper\"><div class=\"elementor-image-box-content\"><h3 class=\"elementor-image-box-title\">45+<\/h3><p class=\"elementor-image-box-description\">Pesquisadores<\/p><\/div><\/div>\t\t\t\t<\/div>\n\t\t\t\t<\/div>\n\t\t<div class=\"elementor-element elementor-element-bff5340 e-con-full e-flex e-con e-child\" data-id=\"bff5340\" data-element_type=\"container\" data-settings=\"{&quot;background_background&quot;:&quot;classic&quot;}\">\n\t\t\t\t<div class=\"elementor-element elementor-element-222d362 elementor-widget elementor-widget-image-box\" data-id=\"222d362\" data-element_type=\"widget\" data-widget_type=\"image-box.default\">\n\t\t\t\t\t<div class=\"elementor-image-box-wrapper\"><div class=\"elementor-image-box-content\"><h3 class=\"elementor-image-box-title\">15+<\/h3><p class=\"elementor-image-box-description\">Doutores<\/p><\/div><\/div>\t\t\t\t<\/div>\n\t\t\t\t<\/div>\n\t\t\t\t<\/div>\n\t\t\t\t<div class=\"elementor-element elementor-element-05ffcca elementor-widget elementor-widget-text-editor\" data-id=\"05ffcca\" data-element_type=\"widget\" data-widget_type=\"text-editor.default\">\n\t\t\t\t\t\t\t\t\t<p>Nossa diversidade de conhecimentos e experi\u00eancias nos permite abordar os desafios do Semi\u00e1rido de forma hol\u00edstica e inovadora, sempre com foco na excel\u00eancia cient\u00edfica e no impacto pr\u00e1tico de nossas pesquisas.<\/p>\t\t\t\t\t\t\t\t<\/div>\n\t\t\t\t<\/div>\n\t\t\t\t\t<\/div>\n\t\t\t\t<\/div>\n\t\t<div class=\"elementor-element elementor-element-268c61d e-flex e-con-boxed e-con e-parent\" data-id=\"268c61d\" data-element_type=\"container\" data-settings=\"{&quot;background_background&quot;:&quot;classic&quot;}\">\n\t\t\t\t\t<div class=\"e-con-inner\">\n\t\t\t\t<div class=\"elementor-element elementor-element-9276b62 elementor-widget elementor-widget-heading\" data-id=\"9276b62\" data-element_type=\"widget\" data-widget_type=\"heading.default\">\n\t\t\t\t\t<h2 class=\"elementor-heading-title elementor-size-default\">Quer saber mais sobre nossa institui\u00e7\u00e3o?<\/h2>\t\t\t\t<\/div>\n\t\t\t\t<div class=\"elementor-element elementor-element-5a2f7dd elementor-widget elementor-widget-text-editor\" data-id=\"5a2f7dd\" data-element_type=\"widget\" data-widget_type=\"text-editor.default\">\n\t\t\t\t\t\t\t\t\t<p>Preencha o formul\u00e1rio abaixo e nossa equipe entrar\u00e1 em contato com voc\u00ea em breve.<\/p>\t\t\t\t\t\t\t\t<\/div>\n\t\t<div class=\"elementor-element elementor-element-9395b2b e-con-full e-flex e-con e-child\" data-id=\"9395b2b\" data-element_type=\"container\" data-settings=\"{&quot;background_background&quot;:&quot;classic&quot;}\">\n\t\t\t\t<div class=\"elementor-element elementor-element-db9a542 elementor-button-align-center elementor-widget elementor-widget-form\" data-id=\"db9a542\" data-element_type=\"widget\" data-settings=\"{&quot;step_next_label&quot;:&quot;Next&quot;,&quot;step_previous_label&quot;:&quot;Previous&quot;,&quot;step_type&quot;:&quot;number_text&quot;,&quot;step_icon_shape&quot;:&quot;circle&quot;}\" data-widget_type=\"form.default\">\n\t\t\t\t\t\t\t<form class=\"elementor-form\" method=\"post\" name=\"New Form\" aria-label=\"New Form\">\n\t\t\t<input type=\"hidden\" name=\"post_id\" value=\"38\"\/>\n\t\t\t<input type=\"hidden\" name=\"form_id\" value=\"db9a542\"\/>\n\t\t\t<input type=\"hidden\" name=\"referer_title\" value=\"Quem Somos\" \/>\n\n\t\t\t\t\t\t\t<input type=\"hidden\" name=\"queried_id\" value=\"38\"\/>\n\t\t\t\n\t\t\t<div class=\"elementor-form-fields-wrapper elementor-labels-above\">\n\t\t\t\t\t\t\t\t<div class=\"elementor-field-type-text elementor-field-group elementor-column elementor-field-group-name elementor-col-50 elementor-field-required\">\n\t\t\t\t\t\t\t\t\t\t\t\t<label for=\"form-field-name\" class=\"elementor-field-label\">\n\t\t\t\t\t\t\t\tNome\t\t\t\t\t\t\t<\/label>\n\t\t\t\t\t\t\t\t\t\t\t\t\t\t<input size=\"1\" type=\"text\" name=\"form_fields[name]\" id=\"form-field-name\" class=\"elementor-field elementor-size-sm  elementor-field-textual\" required=\"required\">\n\t\t\t\t\t\t\t\t\t\t\t<\/div>\n\t\t\t\t\t\t\t\t<div class=\"elementor-field-type-email elementor-field-group elementor-column elementor-field-group-email elementor-col-50 elementor-field-required\">\n\t\t\t\t\t\t\t\t\t\t\t\t<label for=\"form-field-email\" class=\"elementor-field-label\">\n\t\t\t\t\t\t\t\tEmail\t\t\t\t\t\t\t<\/label>\n\t\t\t\t\t\t\t\t\t\t\t\t\t\t<input size=\"1\" type=\"email\" name=\"form_fields[email]\" id=\"form-field-email\" class=\"elementor-field elementor-size-sm  elementor-field-textual\" required=\"required\">\n\t\t\t\t\t\t\t\t\t\t\t<\/div>\n\t\t\t\t\t\t\t\t<div class=\"elementor-field-type-tel elementor-field-group elementor-column elementor-field-group-telefone elementor-col-100 elementor-field-required\">\n\t\t\t\t\t\t\t\t\t\t\t\t<label for=\"form-field-telefone\" class=\"elementor-field-label\">\n\t\t\t\t\t\t\t\tTelefone\t\t\t\t\t\t\t<\/label>\n\t\t\t\t\t\t\t\t<input size=\"1\" type=\"tel\" name=\"form_fields[telefone]\" id=\"form-field-telefone\" class=\"elementor-field elementor-size-sm  elementor-field-textual\" required=\"required\" pattern=\"[0-9()#&amp;+*-=.]+\" title=\"Only numbers and phone characters (#, -, *, etc) are accepted.\">\n\n\t\t\t\t\t\t<\/div>\n\t\t\t\t\t\t\t\t<div class=\"elementor-field-type-textarea elementor-field-group elementor-column elementor-field-group-message elementor-col-100\">\n\t\t\t\t\t\t\t\t\t\t\t\t<label for=\"form-field-message\" class=\"elementor-field-label\">\n\t\t\t\t\t\t\t\tMensagem\t\t\t\t\t\t\t<\/label>\n\t\t\t\t\t\t<textarea class=\"elementor-field-textual elementor-field  elementor-size-sm\" name=\"form_fields[message]\" id=\"form-field-message\" rows=\"4\"><\/textarea>\t\t\t\t<\/div>\n\t\t\t\t\t\t\t\t<div class=\"elementor-field-group elementor-column elementor-field-type-submit elementor-col-100 e-form__buttons\">\n\t\t\t\t\t<button class=\"elementor-button elementor-size-sm\" type=\"submit\">\n\t\t\t\t\t\t<span class=\"elementor-button-content-wrapper\">\n\t\t\t\t\t\t\t\t\t\t\t\t\t\t\t\t\t\t\t\t\t\t<span class=\"elementor-button-text\">Enviar mensagem<\/span>\n\t\t\t\t\t\t\t\t\t\t\t\t\t<\/span>\n\t\t\t\t\t<\/button>\n\t\t\t\t<\/div>\n\t\t\t<\/div>\n\t\t<\/form>\n\t\t\t\t\t\t<\/div>\n\t\t\t\t<\/div>\n\t\t\t\t\t<\/div>\n\t\t\t\t<\/div>\n\t\t\t\t<\/div>\n\t\t","protected":false},"excerpt":{"rendered":"<p>Quem somos Conhe\u00e7a nossa hist\u00f3ria, miss\u00e3o e compromisso com o desenvolvimento sustent\u00e1vel do Semi\u00e1rido Quem somos 25 anos transformando o Semi\u00e1rido atrav\u00e9s da ci\u00eancia O SERT\u00c3O nasceu em 1999 com a miss\u00e3o de promover o desenvolvimento sustent\u00e1vel da regi\u00e3o semi\u00e1rida brasileira. Desde ent\u00e3o, temos sido pioneiros na pesquisa cient\u00edfica aplicada, na transfer\u00eancia de tecnologia e [&hellip;]<\/p>\n","protected":false},"author":2,"featured_media":0,"parent":0,"menu_order":0,"comment_status":"closed","ping_status":"closed","template":"elementor_header_footer","meta":{"footnotes":""},"class_list":["post-38","page","type-page","status-publish","hentry"],"_links":{"self":[{"href":"https:\/\/sertao.ppgmcs.com.br\/index.php\/wp-json\/wp\/v2\/pages\/38","targetHints":{"allow":["GET"]}}],"collection":[{"href":"https:\/\/sertao.ppgmcs.com.br\/index.php\/wp-json\/wp\/v2\/pages"}],"about":[{"href":"https:\/\/sertao.ppgmcs.com.br\/index.php\/wp-json\/wp\/v2\/types\/page"}],"author":[{"embeddable":true,"href":"https:\/\/sertao.ppgmcs.com.br\/index.php\/wp-json\/wp\/v2\/users\/2"}],"replies":[{"embeddable":true,"href":"https:\/\/sertao.ppgmcs.com.br\/index.php\/wp-json\/wp\/v2\/comments?post=38"}],"version-history":[{"count":7,"href":"https:\/\/sertao.ppgmcs.com.br\/index.php\/wp-json\/wp\/v2\/pages\/38\/revisions"}],"predecessor-version":[{"id":952,"href":"https:\/\/sertao.ppgmcs.com.br\/index.php\/wp-json\/wp\/v2\/pages\/38\/revisions\/952"}],"wp:attachment":[{"href":"https:\/\/sertao.ppgmcs.com.br\/index.php\/wp-json\/wp\/v2\/media?parent=38"}],"curies":[{"name":"wp","href":"https:\/\/api.w.org\/{rel}","templated":true}]}}