{"id":40,"date":"2025-09-26T22:25:02","date_gmt":"2025-09-26T22:25:02","guid":{"rendered":"https:\/\/sertao.ppgmcs.com.br\/?page_id=40"},"modified":"2025-10-21T12:56:26","modified_gmt":"2025-10-21T12:56:26","slug":"projetos","status":"publish","type":"page","link":"https:\/\/sertao.ppgmcs.com.br\/index.php\/projetos\/","title":{"rendered":"Projetos"},"content":{"rendered":"\t\t<div data-elementor-type=\"wp-page\" data-elementor-id=\"40\" class=\"elementor elementor-40\" data-elementor-post-type=\"page\">\n\t\t\t\t<div class=\"elementor-element elementor-element-4a246d0 e-flex e-con-boxed e-con e-parent\" data-id=\"4a246d0\" data-element_type=\"container\" data-settings=\"{&quot;background_background&quot;:&quot;classic&quot;}\">\n\t\t\t\t\t<div class=\"e-con-inner\">\n\t\t\t\t<div class=\"elementor-element elementor-element-04eb6a4 elementor-position-left elementor-position-left elementor-vertical-align-middle elementor-widget elementor-widget-image-box\" data-id=\"04eb6a4\" data-element_type=\"widget\" data-widget_type=\"image-box.default\">\n\t\t\t\t\t<div class=\"elementor-image-box-wrapper\"><figure class=\"elementor-image-box-img\"><img decoding=\"async\" width=\"48\" height=\"48\" src=\"https:\/\/sertao.ppgmcs.com.br\/wp-content\/uploads\/2025\/10\/Overlay.png\" class=\"attachment-full size-full wp-image-866\" alt=\"\" \/><\/figure><div class=\"elementor-image-box-content\"><h3 class=\"elementor-image-box-title\">Nossos projetos<\/h3><\/div><\/div>\t\t\t\t<\/div>\n\t\t\t\t<div class=\"elementor-element elementor-element-6f6f7a4 elementor-widget elementor-widget-text-editor\" data-id=\"6f6f7a4\" data-element_type=\"widget\" data-widget_type=\"text-editor.default\">\n\t\t\t\t\t\t\t\t\t<p>Pesquisa aplicada e inova\u00e7\u00e3o tecnol\u00f3gica para transformar os desafios do Semi\u00e1rido em oportunidades<\/p>\t\t\t\t\t\t\t\t<\/div>\n\t\t\t\t\t<\/div>\n\t\t\t\t<\/div>\n\t\t<div class=\"elementor-element elementor-element-e3ee18b e-flex e-con-boxed e-con e-parent\" data-id=\"e3ee18b\" data-element_type=\"container\">\n\t\t\t\t\t<div class=\"e-con-inner\">\n\t\t\t\t<div class=\"elementor-element elementor-element-cf6969f elementor-widget elementor-widget-heading\" data-id=\"cf6969f\" data-element_type=\"widget\" data-widget_type=\"heading.default\">\n\t\t\t\t\t<h4 class=\"elementor-heading-title elementor-size-default\">Ci\u00eancia que transforma<\/h4>\t\t\t\t<\/div>\n\t\t\t\t<div class=\"elementor-element elementor-element-de4a53e elementor-widget elementor-widget-text-editor\" data-id=\"de4a53e\" data-element_type=\"widget\" data-widget_type=\"text-editor.default\">\n\t\t\t\t\t\t\t\t\t<p>Nossos projetos abordam os principais desafios do Semi\u00e1rido atrav\u00e9s de pesquisa<br \/>interdisciplinar, sempre focando em solu\u00e7\u00f5es pr\u00e1ticas e sustent\u00e1veis<\/p>\t\t\t\t\t\t\t\t<\/div>\n\t\t\t\t<div class=\"elementor-element elementor-element-b75b234 elementor-posts--align-left elementor-grid-2 elementor-grid-tablet-2 elementor-grid-mobile-1 elementor-posts--thumbnail-top elementor-card-shadow-yes elementor-posts__hover-gradient load-more-align-center elementor-widget elementor-widget-posts\" data-id=\"b75b234\" data-element_type=\"widget\" data-settings=\"{&quot;cards_columns&quot;:&quot;2&quot;,&quot;pagination_type&quot;:&quot;load_more_on_click&quot;,&quot;cards_columns_tablet&quot;:&quot;2&quot;,&quot;cards_columns_mobile&quot;:&quot;1&quot;,&quot;cards_row_gap&quot;:{&quot;unit&quot;:&quot;px&quot;,&quot;size&quot;:35,&quot;sizes&quot;:[]},&quot;cards_row_gap_tablet&quot;:{&quot;unit&quot;:&quot;px&quot;,&quot;size&quot;:&quot;&quot;,&quot;sizes&quot;:[]},&quot;cards_row_gap_mobile&quot;:{&quot;unit&quot;:&quot;px&quot;,&quot;size&quot;:&quot;&quot;,&quot;sizes&quot;:[]},&quot;load_more_spinner&quot;:{&quot;value&quot;:&quot;fas fa-spinner&quot;,&quot;library&quot;:&quot;fa-solid&quot;}}\" data-widget_type=\"posts.cards\">\n\t\t\t\t<div class=\"elementor-widget-container\">\n\t\t\t\t\t\t\t<div class=\"elementor-posts-container elementor-posts elementor-posts--skin-cards elementor-grid\" role=\"list\">\n\t\t\t\t<article class=\"elementor-post elementor-grid-item post-125 post type-post status-publish format-standard has-post-thumbnail hentry category-projetos\" role=\"listitem\">\n\t\t\t<div class=\"elementor-post__card\">\n\t\t\t\t<a class=\"elementor-post__thumbnail__link\" href=\"https:\/\/sertao.ppgmcs.com.br\/index.php\/2025\/10\/14\/energias-renovaveis-e-sustentabilidade\/\" tabindex=\"-1\" ><div class=\"elementor-post__thumbnail\"><img fetchpriority=\"high\" decoding=\"async\" width=\"340\" height=\"225\" src=\"https:\/\/sertao.ppgmcs.com.br\/wp-content\/uploads\/2025\/10\/Energias-renovaveis-e-sustentabilidade.png\" class=\"attachment-full size-full wp-image-126\" alt=\"\" srcset=\"https:\/\/sertao.ppgmcs.com.br\/wp-content\/uploads\/2025\/10\/Energias-renovaveis-e-sustentabilidade.png 340w, https:\/\/sertao.ppgmcs.com.br\/wp-content\/uploads\/2025\/10\/Energias-renovaveis-e-sustentabilidade-300x199.png 300w\" sizes=\"(max-width: 340px) 100vw, 340px\" \/><\/div><\/a>\n\t\t\t\t<div class=\"elementor-post__badge\">Projetos<\/div>\n\t\t\t\t<div class=\"elementor-post__text\">\n\t\t\t\t<h3 class=\"elementor-post__title\">\n\t\t\t<a href=\"https:\/\/sertao.ppgmcs.com.br\/index.php\/2025\/10\/14\/energias-renovaveis-e-sustentabilidade\/\" >\n\t\t\t\tEnergias renov\u00e1veis e sustentabilidade\t\t\t<\/a>\n\t\t<\/h3>\n\t\t\t\t<div class=\"elementor-post__excerpt\">\n\t\t\t<p>Projetos inovadores em energia solar e e\u00f3lica adequados \u00e0s condi\u00e7\u00f5es do Semi\u00e1rido brasileiro.<\/p>\n\t\t<\/div>\n\t\t\t\t\t<div class=\"elementor-post__read-more-wrapper\">\n\t\t\n\t\t<a class=\"elementor-post__read-more\" href=\"https:\/\/sertao.ppgmcs.com.br\/index.php\/2025\/10\/14\/energias-renovaveis-e-sustentabilidade\/\" aria-label=\"Read more about Energias renov\u00e1veis e sustentabilidade\" tabindex=\"-1\" >\n\t\t\tSaiba mais \u2192\t\t<\/a>\n\n\t\t\t\t\t<\/div>\n\t\t\t\t<\/div>\n\t\t\t\t<div class=\"elementor-post__meta-data\">\n\t\t\t\t\t<span class=\"elementor-post-date\">\n\t\t\toutubro 14, 2025\t\t<\/span>\n\t\t\t\t<\/div>\n\t\t\t\t\t<\/div>\n\t\t<\/article>\n\t\t\t\t<article class=\"elementor-post elementor-grid-item post-122 post type-post status-publish format-standard has-post-thumbnail hentry category-projetos\" role=\"listitem\">\n\t\t\t<div class=\"elementor-post__card\">\n\t\t\t\t<a class=\"elementor-post__thumbnail__link\" href=\"https:\/\/sertao.ppgmcs.com.br\/index.php\/2025\/10\/14\/biotecnologia-aplicada-as-cadeias-produtivas\/\" tabindex=\"-1\" ><div class=\"elementor-post__thumbnail\"><img decoding=\"async\" width=\"341\" height=\"225\" src=\"https:\/\/sertao.ppgmcs.com.br\/wp-content\/uploads\/2025\/10\/Biotecnologia-aplicada-as-cadeias-produtivas.png\" class=\"attachment-full size-full wp-image-123\" alt=\"\" srcset=\"https:\/\/sertao.ppgmcs.com.br\/wp-content\/uploads\/2025\/10\/Biotecnologia-aplicada-as-cadeias-produtivas.png 341w, https:\/\/sertao.ppgmcs.com.br\/wp-content\/uploads\/2025\/10\/Biotecnologia-aplicada-as-cadeias-produtivas-300x198.png 300w\" sizes=\"(max-width: 341px) 100vw, 341px\" \/><\/div><\/a>\n\t\t\t\t<div class=\"elementor-post__badge\">Projetos<\/div>\n\t\t\t\t<div class=\"elementor-post__text\">\n\t\t\t\t<h3 class=\"elementor-post__title\">\n\t\t\t<a href=\"https:\/\/sertao.ppgmcs.com.br\/index.php\/2025\/10\/14\/biotecnologia-aplicada-as-cadeias-produtivas\/\" >\n\t\t\t\tBiotecnologia aplicada \u00e0s cadeias produtivas\t\t\t<\/a>\n\t\t<\/h3>\n\t\t\t\t<div class=\"elementor-post__excerpt\">\n\t\t\t<p>Pesquisas em biotecnologia para fortalecimento das cadeias produtivas regionais e agrega\u00e7\u00e3o de valor.<\/p>\n\t\t<\/div>\n\t\t\t\t\t<div class=\"elementor-post__read-more-wrapper\">\n\t\t\n\t\t<a class=\"elementor-post__read-more\" href=\"https:\/\/sertao.ppgmcs.com.br\/index.php\/2025\/10\/14\/biotecnologia-aplicada-as-cadeias-produtivas\/\" aria-label=\"Read more about Biotecnologia aplicada \u00e0s cadeias produtivas\" tabindex=\"-1\" >\n\t\t\tSaiba mais \u2192\t\t<\/a>\n\n\t\t\t\t\t<\/div>\n\t\t\t\t<\/div>\n\t\t\t\t<div class=\"elementor-post__meta-data\">\n\t\t\t\t\t<span class=\"elementor-post-date\">\n\t\t\toutubro 14, 2025\t\t<\/span>\n\t\t\t\t<\/div>\n\t\t\t\t\t<\/div>\n\t\t<\/article>\n\t\t\t\t<article class=\"elementor-post elementor-grid-item post-119 post type-post status-publish format-standard has-post-thumbnail hentry category-projetos\" role=\"listitem\">\n\t\t\t<div class=\"elementor-post__card\">\n\t\t\t\t<a class=\"elementor-post__thumbnail__link\" href=\"https:\/\/sertao.ppgmcs.com.br\/index.php\/2025\/10\/14\/monitoramento-hidrico-no-semiarido\/\" tabindex=\"-1\" ><div class=\"elementor-post__thumbnail\"><img loading=\"lazy\" decoding=\"async\" width=\"340\" height=\"225\" src=\"https:\/\/sertao.ppgmcs.com.br\/wp-content\/uploads\/2025\/10\/Monitoramento-hidrico-no-Semiarido.png\" class=\"attachment-full size-full wp-image-120\" alt=\"\" srcset=\"https:\/\/sertao.ppgmcs.com.br\/wp-content\/uploads\/2025\/10\/Monitoramento-hidrico-no-Semiarido.png 340w, https:\/\/sertao.ppgmcs.com.br\/wp-content\/uploads\/2025\/10\/Monitoramento-hidrico-no-Semiarido-300x199.png 300w\" sizes=\"(max-width: 340px) 100vw, 340px\" \/><\/div><\/a>\n\t\t\t\t<div class=\"elementor-post__badge\">Projetos<\/div>\n\t\t\t\t<div class=\"elementor-post__text\">\n\t\t\t\t<h3 class=\"elementor-post__title\">\n\t\t\t<a href=\"https:\/\/sertao.ppgmcs.com.br\/index.php\/2025\/10\/14\/monitoramento-hidrico-no-semiarido\/\" >\n\t\t\t\tMonitoramento h\u00eddrico no Semi\u00e1rido\t\t\t<\/a>\n\t\t<\/h3>\n\t\t\t\t<div class=\"elementor-post__excerpt\">\n\t\t\t<p>Desenvolvimento de tecnologias avan\u00e7adas para gest\u00e3o sustent\u00e1vel dos recursos h\u00eddricos da regi\u00e3o semi\u00e1rida.<\/p>\n\t\t<\/div>\n\t\t\t\t\t<div class=\"elementor-post__read-more-wrapper\">\n\t\t\n\t\t<a class=\"elementor-post__read-more\" href=\"https:\/\/sertao.ppgmcs.com.br\/index.php\/2025\/10\/14\/monitoramento-hidrico-no-semiarido\/\" aria-label=\"Read more about Monitoramento h\u00eddrico no Semi\u00e1rido\" tabindex=\"-1\" >\n\t\t\tSaiba mais \u2192\t\t<\/a>\n\n\t\t\t\t\t<\/div>\n\t\t\t\t<\/div>\n\t\t\t\t<div class=\"elementor-post__meta-data\">\n\t\t\t\t\t<span class=\"elementor-post-date\">\n\t\t\toutubro 14, 2025\t\t<\/span>\n\t\t\t\t<\/div>\n\t\t\t\t\t<\/div>\n\t\t<\/article>\n\t\t\t\t<\/div>\n\t\t\t\t\t<span class=\"e-load-more-spinner\">\n\t\t\t\t<svg aria-hidden=\"true\" class=\"e-font-icon-svg e-fas-spinner\" viewBox=\"0 0 512 512\" xmlns=\"http:\/\/www.w3.org\/2000\/svg\"><path d=\"M304 48c0 26.51-21.49 48-48 48s-48-21.49-48-48 21.49-48 48-48 48 21.49 48 48zm-48 368c-26.51 0-48 21.49-48 48s21.49 48 48 48 48-21.49 48-48-21.49-48-48-48zm208-208c-26.51 0-48 21.49-48 48s21.49 48 48 48 48-21.49 48-48-21.49-48-48-48zM96 256c0-26.51-21.49-48-48-48S0 229.49 0 256s21.49 48 48 48 48-21.49 48-48zm12.922 99.078c-26.51 0-48 21.49-48 48s21.49 48 48 48 48-21.49 48-48c0-26.509-21.491-48-48-48zm294.156 0c-26.51 0-48 21.49-48 48s21.49 48 48 48 48-21.49 48-48c0-26.509-21.49-48-48-48zM108.922 60.922c-26.51 0-48 21.49-48 48s21.49 48 48 48 48-21.49 48-48-21.491-48-48-48z\"><\/path><\/svg>\t\t\t<\/span>\n\t\t\n\t\t\t\t\t\t<\/div>\n\t\t\t\t<\/div>\n\t\t\t\t\t<\/div>\n\t\t\t\t<\/div>\n\t\t<div class=\"elementor-element elementor-element-a90186a e-flex e-con-boxed e-con e-parent\" data-id=\"a90186a\" data-element_type=\"container\" data-settings=\"{&quot;background_background&quot;:&quot;classic&quot;}\">\n\t\t\t\t\t<div class=\"e-con-inner\">\n\t\t\t\t<div class=\"elementor-element elementor-element-85d16cc elementor-widget elementor-widget-heading\" data-id=\"85d16cc\" data-element_type=\"widget\" data-widget_type=\"heading.default\">\n\t\t\t\t\t<h2 class=\"elementor-heading-title elementor-size-default\">Interessado em colaborar com nossos projetos?<\/h2>\t\t\t\t<\/div>\n\t\t\t\t<div class=\"elementor-element elementor-element-3ea61a2 elementor-widget elementor-widget-text-editor\" data-id=\"3ea61a2\" data-element_type=\"widget\" data-widget_type=\"text-editor.default\">\n\t\t\t\t\t\t\t\t\t<p>Preencha o formul\u00e1rio abaixo e nossa equipe entrar\u00e1 em contato com voc\u00ea em breve.<\/p>\t\t\t\t\t\t\t\t<\/div>\n\t\t<div class=\"elementor-element elementor-element-d92484c e-con-full e-flex e-con e-child\" data-id=\"d92484c\" data-element_type=\"container\" data-settings=\"{&quot;background_background&quot;:&quot;classic&quot;}\">\n\t\t\t\t<div class=\"elementor-element elementor-element-075f71c elementor-button-align-center elementor-widget elementor-widget-form\" data-id=\"075f71c\" data-element_type=\"widget\" data-settings=\"{&quot;step_next_label&quot;:&quot;Next&quot;,&quot;step_previous_label&quot;:&quot;Previous&quot;,&quot;step_type&quot;:&quot;number_text&quot;,&quot;step_icon_shape&quot;:&quot;circle&quot;}\" data-widget_type=\"form.default\">\n\t\t\t\t\t\t\t<form class=\"elementor-form\" method=\"post\" name=\"New Form\" aria-label=\"New Form\">\n\t\t\t<input type=\"hidden\" name=\"post_id\" value=\"40\"\/>\n\t\t\t<input type=\"hidden\" name=\"form_id\" value=\"075f71c\"\/>\n\t\t\t<input type=\"hidden\" name=\"referer_title\" value=\"Projetos\" \/>\n\n\t\t\t\t\t\t\t<input type=\"hidden\" name=\"queried_id\" value=\"40\"\/>\n\t\t\t\n\t\t\t<div class=\"elementor-form-fields-wrapper elementor-labels-above\">\n\t\t\t\t\t\t\t\t<div class=\"elementor-field-type-text elementor-field-group elementor-column elementor-field-group-name elementor-col-50 elementor-field-required\">\n\t\t\t\t\t\t\t\t\t\t\t\t<label for=\"form-field-name\" class=\"elementor-field-label\">\n\t\t\t\t\t\t\t\tNome\t\t\t\t\t\t\t<\/label>\n\t\t\t\t\t\t\t\t\t\t\t\t\t\t<input size=\"1\" type=\"text\" name=\"form_fields[name]\" id=\"form-field-name\" class=\"elementor-field elementor-size-sm  elementor-field-textual\" required=\"required\">\n\t\t\t\t\t\t\t\t\t\t\t<\/div>\n\t\t\t\t\t\t\t\t<div class=\"elementor-field-type-email elementor-field-group elementor-column elementor-field-group-email elementor-col-50 elementor-field-required\">\n\t\t\t\t\t\t\t\t\t\t\t\t<label for=\"form-field-email\" class=\"elementor-field-label\">\n\t\t\t\t\t\t\t\tEmail\t\t\t\t\t\t\t<\/label>\n\t\t\t\t\t\t\t\t\t\t\t\t\t\t<input size=\"1\" type=\"email\" name=\"form_fields[email]\" id=\"form-field-email\" class=\"elementor-field elementor-size-sm  elementor-field-textual\" required=\"required\">\n\t\t\t\t\t\t\t\t\t\t\t<\/div>\n\t\t\t\t\t\t\t\t<div class=\"elementor-field-type-tel elementor-field-group elementor-column elementor-field-group-telefone elementor-col-100 elementor-field-required\">\n\t\t\t\t\t\t\t\t\t\t\t\t<label for=\"form-field-telefone\" class=\"elementor-field-label\">\n\t\t\t\t\t\t\t\tTelefone\t\t\t\t\t\t\t<\/label>\n\t\t\t\t\t\t\t\t<input size=\"1\" type=\"tel\" name=\"form_fields[telefone]\" id=\"form-field-telefone\" class=\"elementor-field elementor-size-sm  elementor-field-textual\" required=\"required\" pattern=\"[0-9()#&amp;+*-=.]+\" title=\"Only numbers and phone characters (#, -, *, etc) are accepted.\">\n\n\t\t\t\t\t\t<\/div>\n\t\t\t\t\t\t\t\t<div class=\"elementor-field-type-textarea elementor-field-group elementor-column elementor-field-group-message elementor-col-100\">\n\t\t\t\t\t\t\t\t\t\t\t\t<label for=\"form-field-message\" class=\"elementor-field-label\">\n\t\t\t\t\t\t\t\tMensagem\t\t\t\t\t\t\t<\/label>\n\t\t\t\t\t\t<textarea class=\"elementor-field-textual elementor-field  elementor-size-sm\" name=\"form_fields[message]\" id=\"form-field-message\" rows=\"4\"><\/textarea>\t\t\t\t<\/div>\n\t\t\t\t\t\t\t\t<div class=\"elementor-field-group elementor-column elementor-field-type-submit elementor-col-100 e-form__buttons\">\n\t\t\t\t\t<button class=\"elementor-button elementor-size-sm\" type=\"submit\">\n\t\t\t\t\t\t<span class=\"elementor-button-content-wrapper\">\n\t\t\t\t\t\t\t\t\t\t\t\t\t\t\t\t\t\t\t\t\t\t<span class=\"elementor-button-text\">Enviar mensagem<\/span>\n\t\t\t\t\t\t\t\t\t\t\t\t\t<\/span>\n\t\t\t\t\t<\/button>\n\t\t\t\t<\/div>\n\t\t\t<\/div>\n\t\t<\/form>\n\t\t\t\t\t\t<\/div>\n\t\t\t\t<\/div>\n\t\t\t\t\t<\/div>\n\t\t\t\t<\/div>\n\t\t\t\t<\/div>\n\t\t","protected":false},"excerpt":{"rendered":"<p>Nossos projetos Pesquisa aplicada e inova\u00e7\u00e3o tecnol\u00f3gica para transformar os desafios do Semi\u00e1rido em oportunidades Ci\u00eancia que transforma Nossos projetos abordam os principais desafios do Semi\u00e1rido atrav\u00e9s de pesquisainterdisciplinar, sempre focando em solu\u00e7\u00f5es pr\u00e1ticas e sustent\u00e1veis Interessado em colaborar com nossos projetos? Preencha o formul\u00e1rio abaixo e nossa equipe entrar\u00e1 em contato com voc\u00ea em [&hellip;]<\/p>\n","protected":false},"author":2,"featured_media":0,"parent":0,"menu_order":0,"comment_status":"closed","ping_status":"closed","template":"elementor_header_footer","meta":{"footnotes":""},"class_list":["post-40","page","type-page","status-publish","hentry"],"_links":{"self":[{"href":"https:\/\/sertao.ppgmcs.com.br\/index.php\/wp-json\/wp\/v2\/pages\/40","targetHints":{"allow":["GET"]}}],"collection":[{"href":"https:\/\/sertao.ppgmcs.com.br\/index.php\/wp-json\/wp\/v2\/pages"}],"about":[{"href":"https:\/\/sertao.ppgmcs.com.br\/index.php\/wp-json\/wp\/v2\/types\/page"}],"author":[{"embeddable":true,"href":"https:\/\/sertao.ppgmcs.com.br\/index.php\/wp-json\/wp\/v2\/users\/2"}],"replies":[{"embeddable":true,"href":"https:\/\/sertao.ppgmcs.com.br\/index.php\/wp-json\/wp\/v2\/comments?post=40"}],"version-history":[{"count":10,"href":"https:\/\/sertao.ppgmcs.com.br\/index.php\/wp-json\/wp\/v2\/pages\/40\/revisions"}],"predecessor-version":[{"id":924,"href":"https:\/\/sertao.ppgmcs.com.br\/index.php\/wp-json\/wp\/v2\/pages\/40\/revisions\/924"}],"wp:attachment":[{"href":"https:\/\/sertao.ppgmcs.com.br\/index.php\/wp-json\/wp\/v2\/media?parent=40"}],"curies":[{"name":"wp","href":"https:\/\/api.w.org\/{rel}","templated":true}]}}