{"id":42,"date":"2025-09-26T22:25:22","date_gmt":"2025-09-26T22:25:22","guid":{"rendered":"https:\/\/sertao.ppgmcs.com.br\/?page_id=42"},"modified":"2025-10-21T12:56:10","modified_gmt":"2025-10-21T12:56:10","slug":"equipe","status":"publish","type":"page","link":"https:\/\/sertao.ppgmcs.com.br\/index.php\/equipe\/","title":{"rendered":"Equipe"},"content":{"rendered":"\t\t<div data-elementor-type=\"wp-page\" data-elementor-id=\"42\" class=\"elementor elementor-42\" data-elementor-post-type=\"page\">\n\t\t\t\t<div class=\"elementor-element elementor-element-44b9697 e-flex e-con-boxed e-con e-parent\" data-id=\"44b9697\" data-element_type=\"container\" data-settings=\"{&quot;background_background&quot;:&quot;classic&quot;}\">\n\t\t\t\t\t<div class=\"e-con-inner\">\n\t\t\t\t<div class=\"elementor-element elementor-element-c0f81a3 elementor-position-left elementor-position-left elementor-vertical-align-middle elementor-widget elementor-widget-image-box\" data-id=\"c0f81a3\" data-element_type=\"widget\" data-widget_type=\"image-box.default\">\n\t\t\t\t\t<div class=\"elementor-image-box-wrapper\"><figure class=\"elementor-image-box-img\"><img decoding=\"async\" width=\"48\" height=\"48\" src=\"https:\/\/sertao.ppgmcs.com.br\/wp-content\/uploads\/2025\/10\/Overlay-1.png\" class=\"attachment-full size-full wp-image-892\" alt=\"\" \/><\/figure><div class=\"elementor-image-box-content\"><h3 class=\"elementor-image-box-title\">Equipe<\/h3><\/div><\/div>\t\t\t\t<\/div>\n\t\t\t\t<div class=\"elementor-element elementor-element-11be8d2 elementor-widget elementor-widget-text-editor\" data-id=\"11be8d2\" data-element_type=\"widget\" data-widget_type=\"text-editor.default\">\n\t\t\t\t\t\t\t\t\t<p>Conhe\u00e7a nosso time multidisciplinar de profissionais dedicados ao desenvolvimento do Semi\u00e1rido brasileiro<\/p>\t\t\t\t\t\t\t\t<\/div>\n\t\t\t\t\t<\/div>\n\t\t\t\t<\/div>\n\t\t<div class=\"elementor-element elementor-element-f81ec6a e-flex e-con-boxed e-con e-parent\" data-id=\"f81ec6a\" data-element_type=\"container\">\n\t\t\t\t\t<div class=\"e-con-inner\">\n\t\t\t\t<div class=\"elementor-element elementor-element-3fd11d9 elementor-widget elementor-widget-heading\" data-id=\"3fd11d9\" data-element_type=\"widget\" data-widget_type=\"heading.default\">\n\t\t\t\t\t<h4 class=\"elementor-heading-title elementor-size-default\">Equipe de profissionais qualificados<\/h4>\t\t\t\t<\/div>\n\t\t\t\t<div class=\"elementor-element elementor-element-13b67da elementor-posts--align-left elementor-grid-4 elementor-grid-tablet-2 elementor-grid-mobile-1 elementor-posts--thumbnail-top elementor-card-shadow-yes elementor-posts__hover-gradient load-more-align-center elementor-widget elementor-widget-posts\" data-id=\"13b67da\" data-element_type=\"widget\" data-settings=\"{&quot;cards_columns&quot;:&quot;4&quot;,&quot;pagination_type&quot;:&quot;load_more_on_click&quot;,&quot;cards_columns_tablet&quot;:&quot;2&quot;,&quot;cards_columns_mobile&quot;:&quot;1&quot;,&quot;cards_row_gap&quot;:{&quot;unit&quot;:&quot;px&quot;,&quot;size&quot;:35,&quot;sizes&quot;:[]},&quot;cards_row_gap_tablet&quot;:{&quot;unit&quot;:&quot;px&quot;,&quot;size&quot;:&quot;&quot;,&quot;sizes&quot;:[]},&quot;cards_row_gap_mobile&quot;:{&quot;unit&quot;:&quot;px&quot;,&quot;size&quot;:&quot;&quot;,&quot;sizes&quot;:[]},&quot;load_more_spinner&quot;:{&quot;value&quot;:&quot;fas fa-spinner&quot;,&quot;library&quot;:&quot;fa-solid&quot;}}\" data-widget_type=\"posts.cards\">\n\t\t\t\t<div class=\"elementor-widget-container\">\n\t\t\t\t\t\t\t<div class=\"elementor-posts-container elementor-posts elementor-posts--skin-cards elementor-grid\" role=\"list\">\n\t\t\t\t<article class=\"elementor-post elementor-grid-item post-786 post type-post status-publish format-standard has-post-thumbnail hentry category-equipe\" role=\"listitem\">\n\t\t\t<div class=\"elementor-post__card\">\n\t\t\t\t<a class=\"elementor-post__thumbnail__link\" href=\"https:\/\/sertao.ppgmcs.com.br\/index.php\/2025\/09\/08\/ricardo-francisco-fariello\/\" tabindex=\"-1\" ><div class=\"elementor-post__thumbnail\"><img fetchpriority=\"high\" decoding=\"async\" width=\"300\" height=\"300\" src=\"https:\/\/sertao.ppgmcs.com.br\/wp-content\/uploads\/2025\/09\/Fariello-300x300.jpg\" class=\"attachment-medium size-medium wp-image-787\" alt=\"\" srcset=\"https:\/\/sertao.ppgmcs.com.br\/wp-content\/uploads\/2025\/09\/Fariello-300x300.jpg 300w, https:\/\/sertao.ppgmcs.com.br\/wp-content\/uploads\/2025\/09\/Fariello-150x150.jpg 150w, https:\/\/sertao.ppgmcs.com.br\/wp-content\/uploads\/2025\/09\/Fariello.jpg 640w\" sizes=\"(max-width: 300px) 100vw, 300px\" \/><\/div><\/a>\n\t\t\t\t<div class=\"elementor-post__text\">\n\t\t\t\t<h3 class=\"elementor-post__title\">\n\t\t\t<a href=\"https:\/\/sertao.ppgmcs.com.br\/index.php\/2025\/09\/08\/ricardo-francisco-fariello\/\" >\n\t\t\t\tRicardo Francisco Fariello\t\t\t<\/a>\n\t\t<\/h3>\n\t\t\t\t<div class=\"elementor-post__excerpt\">\n\t\t\t<p>Professor do Departamento de Ci\u00eancias da Computa\u00e7\u00e3o da UNIMONTES. Os seus principais interesses de\t\t<\/div>\n\t\t\t\t<\/div>\n\t\t\t\t\t<\/div>\n\t\t<\/article>\n\t\t\t\t<article class=\"elementor-post elementor-grid-item post-783 post type-post status-publish format-standard has-post-thumbnail hentry category-equipe\" role=\"listitem\">\n\t\t\t<div class=\"elementor-post__card\">\n\t\t\t\t<a class=\"elementor-post__thumbnail__link\" href=\"https:\/\/sertao.ppgmcs.com.br\/index.php\/2025\/09\/08\/rene-rodrigues-veloso\/\" tabindex=\"-1\" ><div class=\"elementor-post__thumbnail\"><img decoding=\"async\" width=\"300\" height=\"300\" src=\"https:\/\/sertao.ppgmcs.com.br\/wp-content\/uploads\/2025\/09\/Rene-300x300.jpg\" class=\"attachment-medium size-medium wp-image-784\" alt=\"\" srcset=\"https:\/\/sertao.ppgmcs.com.br\/wp-content\/uploads\/2025\/09\/Rene-300x300.jpg 300w, https:\/\/sertao.ppgmcs.com.br\/wp-content\/uploads\/2025\/09\/Rene-150x150.jpg 150w, https:\/\/sertao.ppgmcs.com.br\/wp-content\/uploads\/2025\/09\/Rene.jpg 640w\" sizes=\"(max-width: 300px) 100vw, 300px\" \/><\/div><\/a>\n\t\t\t\t<div class=\"elementor-post__text\">\n\t\t\t\t<h3 class=\"elementor-post__title\">\n\t\t\t<a href=\"https:\/\/sertao.ppgmcs.com.br\/index.php\/2025\/09\/08\/rene-rodrigues-veloso\/\" >\n\t\t\t\tRen\u00ea Rodrigues Veloso\t\t\t<\/a>\n\t\t<\/h3>\n\t\t\t\t<div class=\"elementor-post__excerpt\">\n\t\t\t<p>Professor do Departamento de Ci\u00eancias da Computa\u00e7\u00e3o desde 2007, desenvolve pesquisas nas linhas de\t\t<\/div>\n\t\t\t\t<\/div>\n\t\t\t\t\t<\/div>\n\t\t<\/article>\n\t\t\t\t<article class=\"elementor-post elementor-grid-item post-780 post type-post status-publish format-standard has-post-thumbnail hentry category-equipe\" role=\"listitem\">\n\t\t\t<div class=\"elementor-post__card\">\n\t\t\t\t<a class=\"elementor-post__thumbnail__link\" href=\"https:\/\/sertao.ppgmcs.com.br\/index.php\/2025\/09\/08\/renato-dourado-maia\/\" tabindex=\"-1\" ><div class=\"elementor-post__thumbnail\"><img loading=\"lazy\" decoding=\"async\" width=\"300\" height=\"300\" src=\"https:\/\/sertao.ppgmcs.com.br\/wp-content\/uploads\/2025\/09\/Renato-300x300.jpg\" class=\"attachment-medium size-medium wp-image-781\" alt=\"\" srcset=\"https:\/\/sertao.ppgmcs.com.br\/wp-content\/uploads\/2025\/09\/Renato-300x300.jpg 300w, https:\/\/sertao.ppgmcs.com.br\/wp-content\/uploads\/2025\/09\/Renato-150x150.jpg 150w, https:\/\/sertao.ppgmcs.com.br\/wp-content\/uploads\/2025\/09\/Renato.jpg 640w\" sizes=\"(max-width: 300px) 100vw, 300px\" \/><\/div><\/a>\n\t\t\t\t<div class=\"elementor-post__text\">\n\t\t\t\t<h3 class=\"elementor-post__title\">\n\t\t\t<a href=\"https:\/\/sertao.ppgmcs.com.br\/index.php\/2025\/09\/08\/renato-dourado-maia\/\" >\n\t\t\t\tRenato Dourado Maia\t\t\t<\/a>\n\t\t<\/h3>\n\t\t\t\t<div class=\"elementor-post__excerpt\">\n\t\t\t<p>Professor do Departamento de Ci\u00eancias da Computa\u00e7\u00e3o da UNIMONTES e do Instituto de Ci\u00eancias\t\t<\/div>\n\t\t\t\t<\/div>\n\t\t\t\t\t<\/div>\n\t\t<\/article>\n\t\t\t\t<article class=\"elementor-post elementor-grid-item post-777 post type-post status-publish format-standard has-post-thumbnail hentry category-equipe\" role=\"listitem\">\n\t\t\t<div class=\"elementor-post__card\">\n\t\t\t\t<a class=\"elementor-post__thumbnail__link\" href=\"https:\/\/sertao.ppgmcs.com.br\/index.php\/2025\/09\/08\/reginaldo-morais-de-macedo\/\" tabindex=\"-1\" ><div class=\"elementor-post__thumbnail\"><img loading=\"lazy\" decoding=\"async\" width=\"300\" height=\"300\" src=\"https:\/\/sertao.ppgmcs.com.br\/wp-content\/uploads\/2025\/09\/Reginaldo-300x300.jpg\" class=\"attachment-medium size-medium wp-image-778\" alt=\"\" srcset=\"https:\/\/sertao.ppgmcs.com.br\/wp-content\/uploads\/2025\/09\/Reginaldo-300x300.jpg 300w, https:\/\/sertao.ppgmcs.com.br\/wp-content\/uploads\/2025\/09\/Reginaldo-150x150.jpg 150w, https:\/\/sertao.ppgmcs.com.br\/wp-content\/uploads\/2025\/09\/Reginaldo.jpg 640w\" sizes=\"(max-width: 300px) 100vw, 300px\" \/><\/div><\/a>\n\t\t\t\t<div class=\"elementor-post__text\">\n\t\t\t\t<h3 class=\"elementor-post__title\">\n\t\t\t<a href=\"https:\/\/sertao.ppgmcs.com.br\/index.php\/2025\/09\/08\/reginaldo-morais-de-macedo\/\" >\n\t\t\t\tReginaldo Morais de Macedo\t\t\t<\/a>\n\t\t<\/h3>\n\t\t\t\t<div class=\"elementor-post__excerpt\">\n\t\t\t<p>Bacharel em Administra\u00e7\u00e3o e Matem\u00e1tica. Professor do Departamento de Ci\u00eancias da Computa\u00e7\u00e3o da UNIMONTES.\t\t<\/div>\n\t\t\t\t<\/div>\n\t\t\t\t\t<\/div>\n\t\t<\/article>\n\t\t\t\t<article class=\"elementor-post elementor-grid-item post-774 post type-post status-publish format-standard has-post-thumbnail hentry category-equipe\" role=\"listitem\">\n\t\t\t<div class=\"elementor-post__card\">\n\t\t\t\t<a class=\"elementor-post__thumbnail__link\" href=\"https:\/\/sertao.ppgmcs.com.br\/index.php\/2025\/09\/08\/petronio-candido-de-lima-e-silva\/\" tabindex=\"-1\" ><div class=\"elementor-post__thumbnail\"><img loading=\"lazy\" decoding=\"async\" width=\"300\" height=\"300\" src=\"https:\/\/sertao.ppgmcs.com.br\/wp-content\/uploads\/2025\/09\/Petronio-300x300.jpg\" class=\"attachment-medium size-medium wp-image-775\" alt=\"\" srcset=\"https:\/\/sertao.ppgmcs.com.br\/wp-content\/uploads\/2025\/09\/Petronio-300x300.jpg 300w, https:\/\/sertao.ppgmcs.com.br\/wp-content\/uploads\/2025\/09\/Petronio-150x150.jpg 150w, https:\/\/sertao.ppgmcs.com.br\/wp-content\/uploads\/2025\/09\/Petronio.jpg 640w\" sizes=\"(max-width: 300px) 100vw, 300px\" \/><\/div><\/a>\n\t\t\t\t<div class=\"elementor-post__text\">\n\t\t\t\t<h3 class=\"elementor-post__title\">\n\t\t\t<a href=\"https:\/\/sertao.ppgmcs.com.br\/index.php\/2025\/09\/08\/petronio-candido-de-lima-e-silva\/\" >\n\t\t\t\tPetr\u00f4nio C\u00e2ndido de Lima e Silva\t\t\t<\/a>\n\t\t<\/h3>\n\t\t\t\t<div class=\"elementor-post__excerpt\">\n\t\t\t<p>Professor do IFNMG desde 2013, desenvolve pesquisas nas \u00e1reas de Intelig\u00eancia Computacional e Ci\u00eancia\t\t<\/div>\n\t\t\t\t<\/div>\n\t\t\t\t\t<\/div>\n\t\t<\/article>\n\t\t\t\t<article class=\"elementor-post elementor-grid-item post-771 post type-post status-publish format-standard has-post-thumbnail hentry category-equipe\" role=\"listitem\">\n\t\t\t<div class=\"elementor-post__card\">\n\t\t\t\t<a class=\"elementor-post__thumbnail__link\" href=\"https:\/\/sertao.ppgmcs.com.br\/index.php\/2025\/09\/08\/pablo-peron-de-paula\/\" tabindex=\"-1\" ><div class=\"elementor-post__thumbnail\"><img loading=\"lazy\" decoding=\"async\" width=\"300\" height=\"300\" src=\"https:\/\/sertao.ppgmcs.com.br\/wp-content\/uploads\/2025\/09\/Pablo-300x300.jpg\" class=\"attachment-medium size-medium wp-image-772\" alt=\"\" srcset=\"https:\/\/sertao.ppgmcs.com.br\/wp-content\/uploads\/2025\/09\/Pablo-300x300.jpg 300w, https:\/\/sertao.ppgmcs.com.br\/wp-content\/uploads\/2025\/09\/Pablo-150x150.jpg 150w, https:\/\/sertao.ppgmcs.com.br\/wp-content\/uploads\/2025\/09\/Pablo.jpg 640w\" sizes=\"(max-width: 300px) 100vw, 300px\" \/><\/div><\/a>\n\t\t\t\t<div class=\"elementor-post__text\">\n\t\t\t\t<h3 class=\"elementor-post__title\">\n\t\t\t<a href=\"https:\/\/sertao.ppgmcs.com.br\/index.php\/2025\/09\/08\/pablo-peron-de-paula\/\" >\n\t\t\t\tPablo Peron de Paula\t\t\t<\/a>\n\t\t<\/h3>\n\t\t\t\t<div class=\"elementor-post__excerpt\">\n\t\t\t<p>Professor do Departamento de Ci\u00eancia da Administra\u00e7\u00e3o da UNIMONTES desde 2015, desenvolve pesquisas nas\t\t<\/div>\n\t\t\t\t<\/div>\n\t\t\t\t\t<\/div>\n\t\t<\/article>\n\t\t\t\t<article class=\"elementor-post elementor-grid-item post-768 post type-post status-publish format-standard has-post-thumbnail hentry category-equipe\" role=\"listitem\">\n\t\t\t<div class=\"elementor-post__card\">\n\t\t\t\t<a class=\"elementor-post__thumbnail__link\" href=\"https:\/\/sertao.ppgmcs.com.br\/index.php\/2025\/09\/08\/nilton-alves-maia\/\" tabindex=\"-1\" ><div class=\"elementor-post__thumbnail\"><img loading=\"lazy\" decoding=\"async\" width=\"300\" height=\"300\" src=\"https:\/\/sertao.ppgmcs.com.br\/wp-content\/uploads\/2025\/09\/Nilton-300x300.jpg\" class=\"attachment-medium size-medium wp-image-769\" alt=\"\" srcset=\"https:\/\/sertao.ppgmcs.com.br\/wp-content\/uploads\/2025\/09\/Nilton-300x300.jpg 300w, https:\/\/sertao.ppgmcs.com.br\/wp-content\/uploads\/2025\/09\/Nilton-150x150.jpg 150w, https:\/\/sertao.ppgmcs.com.br\/wp-content\/uploads\/2025\/09\/Nilton.jpg 640w\" sizes=\"(max-width: 300px) 100vw, 300px\" \/><\/div><\/a>\n\t\t\t\t<div class=\"elementor-post__text\">\n\t\t\t\t<h3 class=\"elementor-post__title\">\n\t\t\t<a href=\"https:\/\/sertao.ppgmcs.com.br\/index.php\/2025\/09\/08\/nilton-alves-maia\/\" >\n\t\t\t\tNilton Alves Maia\t\t\t<\/a>\n\t\t<\/h3>\n\t\t\t\t<div class=\"elementor-post__excerpt\">\n\t\t\t<p>Professor do Departamento de Ci\u00eancias da Computa\u00e7\u00e3o da Unimontes desde 2000. Desenvolve pesquisas em\t\t<\/div>\n\t\t\t\t<\/div>\n\t\t\t\t\t<\/div>\n\t\t<\/article>\n\t\t\t\t<article class=\"elementor-post elementor-grid-item post-765 post type-post status-publish format-standard has-post-thumbnail hentry category-equipe\" role=\"listitem\">\n\t\t\t<div class=\"elementor-post__card\">\n\t\t\t\t<a class=\"elementor-post__thumbnail__link\" href=\"https:\/\/sertao.ppgmcs.com.br\/index.php\/2025\/09\/08\/narciso-ferreira-dos-santos-neto\/\" tabindex=\"-1\" ><div class=\"elementor-post__thumbnail\"><img loading=\"lazy\" decoding=\"async\" width=\"300\" height=\"300\" src=\"https:\/\/sertao.ppgmcs.com.br\/wp-content\/uploads\/2025\/09\/Narciso-300x300.jpg\" class=\"attachment-medium size-medium wp-image-766\" alt=\"\" srcset=\"https:\/\/sertao.ppgmcs.com.br\/wp-content\/uploads\/2025\/09\/Narciso-300x300.jpg 300w, https:\/\/sertao.ppgmcs.com.br\/wp-content\/uploads\/2025\/09\/Narciso-150x150.jpg 150w, https:\/\/sertao.ppgmcs.com.br\/wp-content\/uploads\/2025\/09\/Narciso.jpg 640w\" sizes=\"(max-width: 300px) 100vw, 300px\" \/><\/div><\/a>\n\t\t\t\t<div class=\"elementor-post__text\">\n\t\t\t\t<h3 class=\"elementor-post__title\">\n\t\t\t<a href=\"https:\/\/sertao.ppgmcs.com.br\/index.php\/2025\/09\/08\/narciso-ferreira-dos-santos-neto\/\" >\n\t\t\t\tNarciso Ferreira dos Santos Neto\t\t\t<\/a>\n\t\t<\/h3>\n\t\t\t\t<div class=\"elementor-post__excerpt\">\n\t\t\t<p>Professor do Departamento de Administra\u00e7\u00e3o da UNIMONTES, tem experi\u00eancia na \u00e1rea de ensino e\t\t<\/div>\n\t\t\t\t<\/div>\n\t\t\t\t\t<\/div>\n\t\t<\/article>\n\t\t\t\t<\/div>\n\t\t\t\t\t<span class=\"e-load-more-spinner\">\n\t\t\t\t<svg aria-hidden=\"true\" class=\"e-font-icon-svg e-fas-spinner\" viewBox=\"0 0 512 512\" xmlns=\"http:\/\/www.w3.org\/2000\/svg\"><path d=\"M304 48c0 26.51-21.49 48-48 48s-48-21.49-48-48 21.49-48 48-48 48 21.49 48 48zm-48 368c-26.51 0-48 21.49-48 48s21.49 48 48 48 48-21.49 48-48-21.49-48-48-48zm208-208c-26.51 0-48 21.49-48 48s21.49 48 48 48 48-21.49 48-48-21.49-48-48-48zM96 256c0-26.51-21.49-48-48-48S0 229.49 0 256s21.49 48 48 48 48-21.49 48-48zm12.922 99.078c-26.51 0-48 21.49-48 48s21.49 48 48 48 48-21.49 48-48c0-26.509-21.491-48-48-48zm294.156 0c-26.51 0-48 21.49-48 48s21.49 48 48 48 48-21.49 48-48c0-26.509-21.49-48-48-48zM108.922 60.922c-26.51 0-48 21.49-48 48s21.49 48 48 48 48-21.49 48-48-21.491-48-48-48z\"><\/path><\/svg>\t\t\t<\/span>\n\t\t\n\t\t\t\t<div class=\"e-load-more-anchor\" data-page=\"1\" data-max-page=\"3\" data-next-page=\"https:\/\/sertao.ppgmcs.com.br\/index.php\/wp-json\/wp\/v2\/pages\/42\/page\/2\/\"><\/div>\n\t\t\t\t<div class=\"elementor-button-wrapper\">\n\t\t\t<a class=\"elementor-button elementor-size-sm\" role=\"button\">\n\t\t\t\t\t\t<span class=\"elementor-button-content-wrapper\">\n\t\t\t\t\t\t\t<span class=\"elementor-button-icon\">\n\t\t\t\t<svg aria-hidden=\"true\" class=\"e-font-icon-svg e-far-arrow-alt-circle-down\" viewBox=\"0 0 512 512\" xmlns=\"http:\/\/www.w3.org\/2000\/svg\"><path d=\"M256 8C119 8 8 119 8 256s111 248 248 248 248-111 248-248S393 8 256 8zm0 448c-110.5 0-200-89.5-200-200S145.5 56 256 56s200 89.5 200 200-89.5 200-200 200zm-32-316v116h-67c-10.7 0-16 12.9-8.5 20.5l99 99c4.7 4.7 12.3 4.7 17 0l99-99c7.6-7.6 2.2-20.5-8.5-20.5h-67V140c0-6.6-5.4-12-12-12h-40c-6.6 0-12 5.4-12 12z\"><\/path><\/svg>\t\t\t<\/span>\n\t\t\t\t\t\t\t\t\t<span class=\"elementor-button-text\">Ver mais profissionais<\/span>\n\t\t\t\t\t<\/span>\n\t\t\t\t\t<\/a>\n\t\t<\/div>\n\t\t\t\t<div class=\"e-load-more-message\"><\/div>\n\t\t\t\t\t\t<\/div>\n\t\t\t\t<\/div>\n\t\t\t\t\t<\/div>\n\t\t\t\t<\/div>\n\t\t<div class=\"elementor-element elementor-element-c8cec5d e-flex e-con-boxed e-con e-parent\" data-id=\"c8cec5d\" data-element_type=\"container\" data-settings=\"{&quot;background_background&quot;:&quot;classic&quot;}\">\n\t\t\t\t\t<div class=\"e-con-inner\">\n\t\t\t\t<div class=\"elementor-element elementor-element-80295bd elementor-widget elementor-widget-heading\" data-id=\"80295bd\" data-element_type=\"widget\" data-widget_type=\"heading.default\">\n\t\t\t\t\t<h2 class=\"elementor-heading-title elementor-size-default\">Entre em contato<\/h2>\t\t\t\t<\/div>\n\t\t\t\t<div class=\"elementor-element elementor-element-f56d197 elementor-widget elementor-widget-text-editor\" data-id=\"f56d197\" data-element_type=\"widget\" data-widget_type=\"text-editor.default\">\n\t\t\t\t\t\t\t\t\t<p>Preencha o formul\u00e1rio abaixo e nossa equipe entrar\u00e1 em contato com voc\u00ea em breve.<\/p>\t\t\t\t\t\t\t\t<\/div>\n\t\t<div class=\"elementor-element elementor-element-79ab7c1 e-con-full e-flex e-con e-child\" data-id=\"79ab7c1\" data-element_type=\"container\" data-settings=\"{&quot;background_background&quot;:&quot;classic&quot;}\">\n\t\t\t\t<div class=\"elementor-element elementor-element-b70f6c7 elementor-button-align-center elementor-widget elementor-widget-form\" data-id=\"b70f6c7\" data-element_type=\"widget\" data-settings=\"{&quot;step_next_label&quot;:&quot;Next&quot;,&quot;step_previous_label&quot;:&quot;Previous&quot;,&quot;step_type&quot;:&quot;number_text&quot;,&quot;step_icon_shape&quot;:&quot;circle&quot;}\" data-widget_type=\"form.default\">\n\t\t\t\t\t\t\t<form class=\"elementor-form\" method=\"post\" name=\"New Form\" aria-label=\"New Form\">\n\t\t\t<input type=\"hidden\" name=\"post_id\" value=\"42\"\/>\n\t\t\t<input type=\"hidden\" name=\"form_id\" value=\"b70f6c7\"\/>\n\t\t\t<input type=\"hidden\" name=\"referer_title\" value=\"Equipe\" \/>\n\n\t\t\t\t\t\t\t<input type=\"hidden\" name=\"queried_id\" value=\"42\"\/>\n\t\t\t\n\t\t\t<div class=\"elementor-form-fields-wrapper elementor-labels-above\">\n\t\t\t\t\t\t\t\t<div class=\"elementor-field-type-text elementor-field-group elementor-column elementor-field-group-name elementor-col-50 elementor-field-required\">\n\t\t\t\t\t\t\t\t\t\t\t\t<label for=\"form-field-name\" class=\"elementor-field-label\">\n\t\t\t\t\t\t\t\tNome\t\t\t\t\t\t\t<\/label>\n\t\t\t\t\t\t\t\t\t\t\t\t\t\t<input size=\"1\" type=\"text\" name=\"form_fields[name]\" id=\"form-field-name\" class=\"elementor-field elementor-size-sm  elementor-field-textual\" required=\"required\">\n\t\t\t\t\t\t\t\t\t\t\t<\/div>\n\t\t\t\t\t\t\t\t<div class=\"elementor-field-type-email elementor-field-group elementor-column elementor-field-group-email elementor-col-50 elementor-field-required\">\n\t\t\t\t\t\t\t\t\t\t\t\t<label for=\"form-field-email\" class=\"elementor-field-label\">\n\t\t\t\t\t\t\t\tEmail\t\t\t\t\t\t\t<\/label>\n\t\t\t\t\t\t\t\t\t\t\t\t\t\t<input size=\"1\" type=\"email\" name=\"form_fields[email]\" id=\"form-field-email\" class=\"elementor-field elementor-size-sm  elementor-field-textual\" required=\"required\">\n\t\t\t\t\t\t\t\t\t\t\t<\/div>\n\t\t\t\t\t\t\t\t<div class=\"elementor-field-type-tel elementor-field-group elementor-column elementor-field-group-telefone elementor-col-100 elementor-field-required\">\n\t\t\t\t\t\t\t\t\t\t\t\t<label for=\"form-field-telefone\" class=\"elementor-field-label\">\n\t\t\t\t\t\t\t\tTelefone\t\t\t\t\t\t\t<\/label>\n\t\t\t\t\t\t\t\t<input size=\"1\" type=\"tel\" name=\"form_fields[telefone]\" id=\"form-field-telefone\" class=\"elementor-field elementor-size-sm  elementor-field-textual\" required=\"required\" pattern=\"[0-9()#&amp;+*-=.]+\" title=\"Only numbers and phone characters (#, -, *, etc) are accepted.\">\n\n\t\t\t\t\t\t<\/div>\n\t\t\t\t\t\t\t\t<div class=\"elementor-field-type-textarea elementor-field-group elementor-column elementor-field-group-message elementor-col-100\">\n\t\t\t\t\t\t\t\t\t\t\t\t<label for=\"form-field-message\" class=\"elementor-field-label\">\n\t\t\t\t\t\t\t\tMensagem\t\t\t\t\t\t\t<\/label>\n\t\t\t\t\t\t<textarea class=\"elementor-field-textual elementor-field  elementor-size-sm\" name=\"form_fields[message]\" id=\"form-field-message\" rows=\"4\"><\/textarea>\t\t\t\t<\/div>\n\t\t\t\t\t\t\t\t<div class=\"elementor-field-group elementor-column elementor-field-type-submit elementor-col-100 e-form__buttons\">\n\t\t\t\t\t<button class=\"elementor-button elementor-size-sm\" type=\"submit\">\n\t\t\t\t\t\t<span class=\"elementor-button-content-wrapper\">\n\t\t\t\t\t\t\t\t\t\t\t\t\t\t\t\t\t\t\t\t\t\t<span class=\"elementor-button-text\">Enviar mensagem<\/span>\n\t\t\t\t\t\t\t\t\t\t\t\t\t<\/span>\n\t\t\t\t\t<\/button>\n\t\t\t\t<\/div>\n\t\t\t<\/div>\n\t\t<\/form>\n\t\t\t\t\t\t<\/div>\n\t\t\t\t<\/div>\n\t\t\t\t\t<\/div>\n\t\t\t\t<\/div>\n\t\t\t\t<\/div>\n\t\t","protected":false},"excerpt":{"rendered":"<p>Equipe Conhe\u00e7a nosso time multidisciplinar de profissionais dedicados ao desenvolvimento do Semi\u00e1rido brasileiro Equipe de profissionais qualificados Entre em contato Preencha o formul\u00e1rio abaixo e nossa equipe entrar\u00e1 em contato com voc\u00ea em breve.<\/p>\n","protected":false},"author":2,"featured_media":0,"parent":0,"menu_order":0,"comment_status":"closed","ping_status":"closed","template":"elementor_header_footer","meta":{"footnotes":""},"class_list":["post-42","page","type-page","status-publish","hentry"],"_links":{"self":[{"href":"https:\/\/sertao.ppgmcs.com.br\/index.php\/wp-json\/wp\/v2\/pages\/42","targetHints":{"allow":["GET"]}}],"collection":[{"href":"https:\/\/sertao.ppgmcs.com.br\/index.php\/wp-json\/wp\/v2\/pages"}],"about":[{"href":"https:\/\/sertao.ppgmcs.com.br\/index.php\/wp-json\/wp\/v2\/types\/page"}],"author":[{"embeddable":true,"href":"https:\/\/sertao.ppgmcs.com.br\/index.php\/wp-json\/wp\/v2\/users\/2"}],"replies":[{"embeddable":true,"href":"https:\/\/sertao.ppgmcs.com.br\/index.php\/wp-json\/wp\/v2\/comments?post=42"}],"version-history":[{"count":10,"href":"https:\/\/sertao.ppgmcs.com.br\/index.php\/wp-json\/wp\/v2\/pages\/42\/revisions"}],"predecessor-version":[{"id":921,"href":"https:\/\/sertao.ppgmcs.com.br\/index.php\/wp-json\/wp\/v2\/pages\/42\/revisions\/921"}],"wp:attachment":[{"href":"https:\/\/sertao.ppgmcs.com.br\/index.php\/wp-json\/wp\/v2\/media?parent=42"}],"curies":[{"name":"wp","href":"https:\/\/api.w.org\/{rel}","templated":true}]}}